{"id":876,"date":"2026-03-06T09:55:37","date_gmt":"2026-03-06T08:55:37","guid":{"rendered":"http:\/\/spelnicmarzenia.pl\/?page_id=876"},"modified":"2026-03-13T10:10:07","modified_gmt":"2026-03-13T09:10:07","slug":"zamowienia-publiczne","status":"publish","type":"page","link":"http:\/\/spelnicmarzenia.pl\/?page_id=876","title":{"rendered":"Zam\u00f3wienia Publiczne"},"content":{"rendered":"\t\t<div data-elementor-type=\"wp-page\" data-elementor-id=\"876\" class=\"elementor elementor-876\">\n\t\t\t\t<div class=\"elementor-element elementor-element-e97ec31 e-flex e-con-boxed e-con e-parent\" data-id=\"e97ec31\" data-element_type=\"container\" data-e-type=\"container\">\n\t\t\t\t\t<div class=\"e-con-inner\">\n\t\t\t\t<div class=\"elementor-element elementor-element-20fb5bbc elementor-widget elementor-widget-text-editor\" data-id=\"20fb5bbc\" data-element_type=\"widget\" data-e-type=\"widget\" data-widget_type=\"text-editor.default\">\n\t\t\t\t<div class=\"elementor-widget-container\">\n\t\t\t\t\t\t\t\t\t\n<h2 class=\"wp-block-heading\">Post\u0119powanie w zakresie <strong>us\u0142ugi dowozu i odwozu uczestnik\u00f3w \u015aDS z terenu powiatu sandomierskiego z miejsca zamieszkania do \u015aDS w Klimontowie ul.\u00a0 S.H.Herman 1 i z SDS do miejsca zamieszkania\u00a0<\/strong><\/h2>\n\n<p>\u00a0<\/p>\n\t\t\t\t\t\t\t\t<\/div>\n\t\t\t\t<\/div>\n\t\t\t\t\t<\/div>\n\t\t\t\t<\/div>\n\t\t<div class=\"elementor-element elementor-element-5864754 e-flex e-con-boxed e-con e-parent\" data-id=\"5864754\" data-element_type=\"container\" data-e-type=\"container\">\n\t\t\t\t\t<div class=\"e-con-inner\">\n\t\t\t\t<div class=\"elementor-element elementor-element-44253d2 elementor-widget elementor-widget-text-editor\" data-id=\"44253d2\" data-element_type=\"widget\" data-e-type=\"widget\" data-widget_type=\"text-editor.default\">\n\t\t\t\t<div class=\"elementor-widget-container\">\n\t\t\t\t\t\t\t\t\t<p><strong>ZAPYTANIE OFERTOWE nr 1\/2026<\/strong><br \/>W SPRAWIE UDZIELENIA ZAM\u00d3WIENIA PUBLICZNEGO<br \/>w post\u0119powaniu o warto\u015bci nie przekraczaj\u0105cej kwoty 170 000 z\u0142 netto<\/p>\n<p><a href=\"http:\/\/spelnicmarzenia.pl\/wp-content\/uploads\/2026\/03\/zapytanie-ofertowe-2.pdf\">Zapytanie ofertowe<\/a><\/p>\n<p>Opublikowano: 2026-02-20<\/p>\t\t\t\t\t\t\t\t<\/div>\n\t\t\t\t<\/div>\n\t\t\t\t\t<\/div>\n\t\t\t\t<\/div>\n\t\t<div class=\"elementor-element elementor-element-a25e51e e-flex e-con-boxed e-con e-parent\" data-id=\"a25e51e\" data-element_type=\"container\" data-e-type=\"container\">\n\t\t\t\t\t<div class=\"e-con-inner\">\n\t\t\t\t<div class=\"elementor-element elementor-element-a82611d elementor-widget elementor-widget-text-editor\" data-id=\"a82611d\" data-element_type=\"widget\" data-e-type=\"widget\" data-widget_type=\"text-editor.default\">\n\t\t\t\t<div class=\"elementor-widget-container\">\n\t\t\t\t\t\t\t\t\t<p><strong>INFORMACJA O OTWARCIU OFERT<\/strong><br \/>Dotyczy: us\u0142ugi w zakresie \u201e dowozu i odwozu uczestnik\u00f3w \u015aDS z terenu powiatu<br \/>sandomierskiego z miejsca zamieszkania do \u015aDS w Klimontowie<br \/>ul. S.H.Herman 1 i z SDS do miejsca zamieszkania<\/p>\n<p><a href=\"http:\/\/spelnicmarzenia.pl\/wp-content\/uploads\/2026\/03\/Informacja-z-otwarcia-ofert.pdf\">Informacja z otwarcia ofert<\/a><\/p>\n<p>Opublikowano: 2026-02-28<\/p>\t\t\t\t\t\t\t\t<\/div>\n\t\t\t\t<\/div>\n\t\t\t\t\t<\/div>\n\t\t\t\t<\/div>\n\t\t<div class=\"elementor-element elementor-element-6942eb3 e-flex e-con-boxed e-con e-parent\" data-id=\"6942eb3\" data-element_type=\"container\" data-e-type=\"container\">\n\t\t\t\t\t<div class=\"e-con-inner\">\n\t\t\t\t<div class=\"elementor-element elementor-element-283b1bf elementor-widget elementor-widget-text-editor\" data-id=\"283b1bf\" data-element_type=\"widget\" data-e-type=\"widget\" data-widget_type=\"text-editor.default\">\n\t\t\t\t<div class=\"elementor-widget-container\">\n\t\t\t\t\t\t\t\t\t<p><strong>OG\u0141OSZENIE O WYNIKU POST\u0118POWANIA<\/strong><\/p>\n<p><br \/>STOWARZYSZENIE SPE\u0141NI\u0106 MARZENIA Numer KRS 0000555678 NIP 8641951590<br \/>REGON 36139489300000 ul. STEFANA \u017bEROMSKIEGO nr. 35 lok. 11 miejsc. ZAWICHOST kod 27-<br \/>630 poczta Zamawiaj\u0105cy w post\u0119powaniu prowadzonym z zachowaniem zasady przejrzysto\u015bci i<br \/>uczciwej konkurencji, na zadanie us\u0142ugi w zakresie \u201e dowozu i odwozu uczestnik\u00f3w \u015aDS z terenu<br \/>powiatu sandomierskiego z miejsca zamieszkania do \u015aDS w Klimontowie ul. S.H.Herman 1 i z SDS<br \/>do miejsca zamieszkania<\/p>\n<p><a href=\"http:\/\/spelnicmarzenia.pl\/wp-content\/uploads\/2026\/03\/Zawiadomienie-o-wyniku-postepowania.pdf\">Zawiadomienie o wyniku post\u0119powania<\/a><\/p>\n<p>Opublikowano: 2026-03-06<\/p>\t\t\t\t\t\t\t\t<\/div>\n\t\t\t\t<\/div>\n\t\t\t\t\t<\/div>\n\t\t\t\t<\/div>\n\t\t\t\t<\/div>\n\t\t","protected":false},"excerpt":{"rendered":"<p>Post\u0119powanie w zakresie us\u0142ugi dowozu i odwozu uczestnik\u00f3w \u015aDS z terenu powiatu sandomierskiego z miejsca zamieszkania do \u015aDS w Klimontowie ul.\u00a0 S.H.Herman 1 i z SDS do miejsca zamieszkania\u00a0 \u00a0 ZAPYTANIE OFERTOWE nr 1\/2026W SPRAWIE UDZIELENIA ZAM\u00d3WIENIA PUBLICZNEGOw post\u0119powaniu o warto\u015bci nie przekraczaj\u0105cej kwoty 170 000 z\u0142 netto Zapytanie ofertowe Opublikowano: 2026-02-20 INFORMACJA O OTWARCIU&hellip; <br \/> <a class=\"read-more\" href=\"http:\/\/spelnicmarzenia.pl\/?page_id=876\">Dowiedz si\u0119 wi\u0119cej<\/a><\/p>\n","protected":false},"author":1,"featured_media":0,"parent":0,"menu_order":0,"comment_status":"closed","ping_status":"closed","template":"","meta":{"footnotes":""},"class_list":["post-876","page","type-page","status-publish","hentry"],"_links":{"self":[{"href":"http:\/\/spelnicmarzenia.pl\/index.php?rest_route=\/wp\/v2\/pages\/876","targetHints":{"allow":["GET"]}}],"collection":[{"href":"http:\/\/spelnicmarzenia.pl\/index.php?rest_route=\/wp\/v2\/pages"}],"about":[{"href":"http:\/\/spelnicmarzenia.pl\/index.php?rest_route=\/wp\/v2\/types\/page"}],"author":[{"embeddable":true,"href":"http:\/\/spelnicmarzenia.pl\/index.php?rest_route=\/wp\/v2\/users\/1"}],"replies":[{"embeddable":true,"href":"http:\/\/spelnicmarzenia.pl\/index.php?rest_route=%2Fwp%2Fv2%2Fcomments&post=876"}],"version-history":[{"count":20,"href":"http:\/\/spelnicmarzenia.pl\/index.php?rest_route=\/wp\/v2\/pages\/876\/revisions"}],"predecessor-version":[{"id":902,"href":"http:\/\/spelnicmarzenia.pl\/index.php?rest_route=\/wp\/v2\/pages\/876\/revisions\/902"}],"wp:attachment":[{"href":"http:\/\/spelnicmarzenia.pl\/index.php?rest_route=%2Fwp%2Fv2%2Fmedia&parent=876"}],"curies":[{"name":"wp","href":"https:\/\/api.w.org\/{rel}","templated":true}]}}